{"id":7,"date":"2014-11-11T11:12:55","date_gmt":"2014-11-11T11:12:55","guid":{"rendered":"http:\/\/anpsthemes.com\/constructo\/?page_id=7"},"modified":"2019-08-01T20:36:33","modified_gmt":"2019-08-01T18:36:33","slug":"vehicle-fleet","status":"publish","type":"page","link":"https:\/\/lukas-trans.com\/?page_id=7","title":{"rendered":"Nasza flota"},"content":{"rendered":"<p>[vc_row][vc_column width=&#8221;1\/2&#8243;]<h5 class='heading-content  style-1' ><span>DOSTOSOWANE DO TWOICH POTRZEB<\/span><\/h5>[vc_column_text]Posiadamy nowoczesn\u0105, rozleg\u0142\u0105 flot\u0119, kt\u00f3ra dzia\u0142a w transporcie mi\u0119dzynarodowym i krajowym. Sk\u0142ada si\u0119 z ponad 30 pojazd\u00f3w z kt\u00f3rych wszystkie s\u0105 w ci\u0105g\u0142ej eksploatacji i konserwacji.<\/p>\n<p>Posiadamy wszelkiego rodzaju przyczepy do ka\u017cdego rodzaju za\u0142adunku. Oferujemy m.in. przyczepy typu drop deck, przyczepy do przewozu kontener\u00f3w, ch\u0142odnie. Stawiamy bardzo wysokie standardy profesjonalizmu i stale ulepszamy nasze pojazdy oraz nasze mo\u017cliwo\u015bci.[\/vc_column_text][\/vc_column][vc_column width=&#8221;1\/2&#8243;]<h5 class='heading-content  style-1' ><span>RODZAJE DOST\u0118PNYCH POJAZD\u00d3W<\/span><\/h5>[vc_column_text]Rodzaje pojazd\u00f3w, kt\u00f3rymi dysponujemy. Nieprzerwanie dbamy o ich stan techniczny i serwisujemy, aby Tw\u00f3j \u0142adunek na trasie by\u0142 zawsze bezpieczny.[\/vc_column_text][vc_single_image image=&#8221;498&#8243; img_size=&#8221;full&#8221;][vc_row_inner][vc_column_inner width=&#8221;1\/2&#8243;]<ul class='list '><li>Bus<\/li><li>Firanka<\/li><li>Van<\/li><\/ul>[\/vc_column_inner][vc_column_inner width=&#8221;1\/2&#8243;]<ul class='list '><li>Ch\u0142odnia<\/li><li>Samochody ci\u0119\u017carowe<\/li><li>Zestaw 120m3<\/li><\/ul>[\/vc_column_inner][\/vc_row_inner][\/vc_column][\/vc_row][vc_row][vc_column][vc_empty_space][\/vc_column][\/vc_row][vc_row has_content=&#8221;true&#8221;][vc_column][vc_gallery type=&#8221;image_grid&#8221; images=&#8221;1240,1224,1270,1248&#8243; img_size=&#8221;278&#215;180&#8243; onclick=&#8221;&#8221;][\/vc_column][\/vc_row][vc_row][vc_column][vc_column_text][\/vc_column_text][vc_empty_space][\/vc_column][\/vc_row]<\/p>\n","protected":false},"excerpt":{"rendered":"<p>[vc_row][vc_column width=&#8221;1\/2&#8243;][vc_column_text]Posiadamy nowoczesn\u0105, rozleg\u0142\u0105 flot\u0119, kt\u00f3ra dzia\u0142a w transporcie mi\u0119dzynarodowym i krajowym. Sk\u0142ada si\u0119 z ponad 30 pojazd\u00f3w z kt\u00f3rych wszystkie s\u0105 w ci\u0105g\u0142ej eksploatacji i konserwacji. Posiadamy wszelkiego rodzaju przyczepy do ka\u017cdego rodzaju za\u0142adunku. Oferujemy m.in. przyczepy typu drop&#8230;<\/p>\n","protected":false},"author":1,"featured_media":0,"parent":0,"menu_order":0,"comment_status":"closed","ping_status":"closed","template":"","meta":{"footnotes":""},"class_list":["post-7","page","type-page","status-publish","hentry"],"_links":{"self":[{"href":"https:\/\/lukas-trans.com\/index.php?rest_route=\/wp\/v2\/pages\/7"}],"collection":[{"href":"https:\/\/lukas-trans.com\/index.php?rest_route=\/wp\/v2\/pages"}],"about":[{"href":"https:\/\/lukas-trans.com\/index.php?rest_route=\/wp\/v2\/types\/page"}],"author":[{"embeddable":true,"href":"https:\/\/lukas-trans.com\/index.php?rest_route=\/wp\/v2\/users\/1"}],"replies":[{"embeddable":true,"href":"https:\/\/lukas-trans.com\/index.php?rest_route=%2Fwp%2Fv2%2Fcomments&post=7"}],"version-history":[{"count":24,"href":"https:\/\/lukas-trans.com\/index.php?rest_route=\/wp\/v2\/pages\/7\/revisions"}],"predecessor-version":[{"id":1259,"href":"https:\/\/lukas-trans.com\/index.php?rest_route=\/wp\/v2\/pages\/7\/revisions\/1259"}],"wp:attachment":[{"href":"https:\/\/lukas-trans.com\/index.php?rest_route=%2Fwp%2Fv2%2Fmedia&parent=7"}],"curies":[{"name":"wp","href":"https:\/\/api.w.org\/{rel}","templated":true}]}}